{"id":111,"date":"2015-03-13T18:37:37","date_gmt":"2015-03-13T18:37:37","guid":{"rendered":"http:\/\/www.neumaticosromero.com\/?page_id=111"},"modified":"2022-08-29T16:06:23","modified_gmt":"2022-08-29T15:06:23","slug":"contacto","status":"publish","type":"page","link":"https:\/\/www.neumaticosromero.com\/ca\/contacto\/","title":{"rendered":"Contacto"},"content":{"rendered":"<p>[et_pb_section fb_built=\u00bb1&#8243; fullwidth=\u00bbon\u00bb _builder_version=\u00bb4.16&#8243; global_colors_info=\u00bb{}\u00bb][et_pb_fullwidth_map address=\u00bbPol\u00edgono Industrial Agro-Reus, Carrer V\u00edctor Catal\u00e0, 36, 43206 Reus, Tarragona, Espa\u00f1a\u00bb zoom_level=\u00bb16&#8243; address_lat=\u00bb41.15564140000001&#8243; address_lng=\u00bb1.0820298999999522&#8243; mouse_wheel=\u00bboff\u00bb admin_label=\u00bbMapa de anchura completa\u00bb _builder_version=\u00bb4.17.3&#8243; hover_enabled=\u00bb0&#8243; global_colors_info=\u00bb{}\u00bb sticky_enabled=\u00bb0&#8243;][et_pb_map_pin pin_address=\u00bbPol\u00edgono Industrial Agro-Reus, Carrer V\u00edctor Catal\u00e0, 36, 43206 Reus, Tarragona, Espa\u00f1a\u00bb pin_address_lat=\u00bb41.15564140000001&#8243; pin_address_lng=\u00bb1.0820298999999522&#8243; _builder_version=\u00bb4.17.3&#8243; global_colors_info=\u00bb{}\u00bb hover_enabled=\u00bb0&#8243; sticky_enabled=\u00bb0&#8243;][\/et_pb_map_pin][\/et_pb_fullwidth_map][\/et_pb_section][et_pb_section fb_built=\u00bb1&#8243; custom_padding_last_edited=\u00bbon|tablet\u00bb admin_label=\u00bbHeader\u00bb _builder_version=\u00bb4.16&#8243; background_color=\u00bb#eaeaf1&#8243; use_background_color_gradient=\u00bbon\u00bb background_color_gradient_direction=\u00bb-67deg\u00bb background_color_gradient_stops=\u00bb#eaeaf1 20%|#ffffff 20%\u00bb background_color_gradient_start=\u00bb#eaeaf1&#8243; background_color_gradient_start_position=\u00bb20%\u00bb background_color_gradient_end=\u00bb#ffffff\u00bb background_color_gradient_end_position=\u00bb0%\u00bb background_position=\u00bbtop_left\u00bb custom_padding=\u00bb0|0px|100px|0px|false|false\u00bb custom_padding_tablet=\u00bb||0px\u00bb custom_padding_phone=\u00bb\u00bb locked=\u00bboff\u00bb global_colors_info=\u00bb{}\u00bb][et_pb_row column_structure=\u00bb1_2,1_2&#8243; _builder_version=\u00bb4.16&#8243; width=\u00bb90%\u00bb width_tablet=\u00bb80%\u00bb width_last_edited=\u00bboff|desktop\u00bb max_width=\u00bb1800px\u00bb module_alignment=\u00bbright\u00bb custom_padding=\u00bb0px||0||false|false\u00bb use_custom_width=\u00bbon\u00bb width_unit=\u00bboff\u00bb custom_width_percent=\u00bb90%\u00bb global_colors_info=\u00bb{}\u00bb][et_pb_column type=\u00bb1_2&#8243; _builder_version=\u00bb4.16&#8243; custom_padding=\u00bb|50px||\u00bb global_colors_info=\u00bb{}\u00bb custom_padding__hover=\u00bb|||\u00bb][et_pb_divider color=\u00bb#0251b8&#8243; divider_weight=\u00bb80px\u00bb _builder_version=\u00bb4.16&#8243; transform_skew=\u00bb-22deg|0deg\u00bb transform_skew_linked=\u00bboff\u00bb height=\u00bb80px\u00bb custom_margin=\u00bb||60px|-20vw\u00bb custom_margin_tablet=\u00bb||30px\u00bb custom_margin_phone=\u00bb\u00bb custom_margin_last_edited=\u00bbon|tablet\u00bb locked=\u00bboff\u00bb global_colors_info=\u00bb{}\u00bb][\/et_pb_divider][et_pb_text _builder_version=\u00bb4.17.3&#8243; header_font=\u00bbKhand|700|on|on|||||\u00bb header_text_align=\u00bbleft\u00bb header_font_size=\u00bb80px\u00bb transform_skew=\u00bb-6deg|0deg\u00bb transform_skew_linked=\u00bboff\u00bb custom_margin=\u00bb||0px|||\u00bb hover_enabled=\u00bb0&#8243; header_font_size_tablet=\u00bb70px\u00bb header_font_size_phone=\u00bb50px\u00bb header_font_size_last_edited=\u00bbon|phone\u00bb global_colors_info=\u00bb{}\u00bb sticky_enabled=\u00bb0&#8243;]<\/p>\n<h1>Contacta con nosotros<\/h1>\n<p>[\/et_pb_text][et_pb_divider color=\u00bb#f71635&#8243; divider_style=\u00bbdouble\u00bb divider_weight=\u00bb10px\u00bb _builder_version=\u00bb4.16&#8243; transform_skew=\u00bb-20deg|0deg\u00bb max_width=\u00bb100px\u00bb height=\u00bb10px\u00bb locked=\u00bboff\u00bb global_colors_info=\u00bb{}\u00bb][\/et_pb_divider][et_pb_blurb use_icon=\u00bbon\u00bb font_icon=\u00bb&#xe081;||divi||400&#8243; icon_color=\u00bb#eeea05&#8243; image_icon_background_color=\u00bb#2c368f\u00bb icon_placement=\u00bbleft\u00bb image_icon_width=\u00bb16px\u00bb admin_label=\u00bbAnuncio\u00bb _builder_version=\u00bb4.17.3&#8243; background_size=\u00bbinitial\u00bb background_position=\u00bbtop_left\u00bb background_repeat=\u00bbrepeat\u00bb image_icon_custom_padding=\u00bb8px|8px|8px|8px|false|false\u00bb animation=\u00bboff\u00bb hover_enabled=\u00bb0&#8243; border_radii_image=\u00bbon|100%|100%|100%|100%\u00bb use_circle=\u00bbon\u00bb circle_color=\u00bb#2c368f\u00bb global_colors_info=\u00bb{}\u00bb image_icon_background_color__sticky_enabled=\u00bb#2ea3f2&#8243; image_icon_background_color__sticky=\u00bb#2ea3f2&#8243; text_font=\u00bb|600|||||||\u00bb text_font_size=\u00bb24px\u00bb text_font_size_phone=\u00bb16px\u00bb text_font_size_last_edited=\u00bbon|phone\u00bb text_line_height=\u00bb2em\u00bb body_font=\u00bb|600|||||||\u00bb body_font_size=\u00bb24px\u00bb body_font_size_phone=\u00bb16px\u00bb body_font_size_last_edited=\u00bbon|phone\u00bb body_line_height=\u00bb2em\u00bb sticky_enabled=\u00bb0&#8243; content_max_width=\u00bb100%\u00bb text_font_size_tablet=\u00bb24px\u00bb body_font_size_tablet=\u00bb24px\u00bb]<\/p>\n<p>C\/ V\u00edctor Catal\u00e0, 36\u00a043206 Reus (Tarragona)<\/p>\n<p>Pol\u00edgon Industrial Agro-Reus<\/p>\n<p>[\/et_pb_blurb][et_pb_blurb title=\u00bb977 31 32 17&#8243; use_icon=\u00bbon\u00bb font_icon=\u00bb&#xe090;||divi||400&#8243; icon_color=\u00bb#f71635&#8243; icon_placement=\u00bbleft\u00bb image_icon_width=\u00bb52px\u00bb content_max_width=\u00bb100%\u00bb image_icon_width_tablet=\u00bb35px\u00bb image_icon_width_phone=\u00bb30px\u00bb image_icon_width_last_edited=\u00bbon|desktop\u00bb _builder_version=\u00bb4.17.3&#8243; header_level=\u00bbh3&#8243; header_font=\u00bbKhand|700|on|on|||||\u00bb header_text_color=\u00bb#f71635&#8243; header_font_size=\u00bb60px\u00bb body_font=\u00bb||||||||\u00bb custom_margin=\u00bb|||\u00bb custom_padding=\u00bb|||\u00bb animation=\u00bboff\u00bb hover_enabled=\u00bb0&#8243; header_font_size_tablet=\u00bb35px\u00bb header_font_size_phone=\u00bb30px\u00bb header_font_size_last_edited=\u00bbon|desktop\u00bb icon_font_size=\u00bb52px\u00bb icon_font_size_tablet=\u00bb35px\u00bb icon_font_size_phone=\u00bb30px\u00bb icon_font_size_last_edited=\u00bbon|desktop\u00bb locked=\u00bboff\u00bb global_colors_info=\u00bb{}\u00bb url=\u00bbtel:+34977313217&#8243; sticky_enabled=\u00bb0&#8243;][\/et_pb_blurb][et_pb_blurb title=\u00bb977 32 85 62&#8243; use_icon=\u00bbon\u00bb font_icon=\u00bb&#xe090;||divi||400&#8243; icon_color=\u00bb#f71635&#8243; icon_placement=\u00bbleft\u00bb image_icon_width=\u00bb52px\u00bb content_max_width=\u00bb100%\u00bb image_icon_width_tablet=\u00bb35px\u00bb image_icon_width_phone=\u00bb30px\u00bb image_icon_width_last_edited=\u00bbon|desktop\u00bb _builder_version=\u00bb4.17.3&#8243; header_level=\u00bbh3&#8243; header_font=\u00bbKhand|700|on|on|||||\u00bb header_text_color=\u00bb#f71635&#8243; header_font_size=\u00bb60px\u00bb body_font=\u00bb||||||||\u00bb custom_margin=\u00bb|||\u00bb custom_padding=\u00bb|||\u00bb animation=\u00bboff\u00bb hover_enabled=\u00bb0&#8243; header_font_size_tablet=\u00bb35px\u00bb header_font_size_phone=\u00bb30px\u00bb header_font_size_last_edited=\u00bbon|desktop\u00bb icon_font_size=\u00bb52px\u00bb icon_font_size_tablet=\u00bb35px\u00bb icon_font_size_phone=\u00bb30px\u00bb icon_font_size_last_edited=\u00bbon|desktop\u00bb locked=\u00bboff\u00bb global_colors_info=\u00bb{}\u00bb url=\u00bbtel:+34977328562&#8243; sticky_enabled=\u00bb0&#8243;][\/et_pb_blurb][et_pb_blurb use_icon=\u00bbon\u00bb font_icon=\u00bb&#xe010;||divi||400&#8243; icon_color=\u00bb#eeea05&#8243; image_icon_background_color=\u00bb#2c368f\u00bb icon_placement=\u00bbleft\u00bb image_icon_width=\u00bb16px\u00bb admin_label=\u00bbAnuncio\u00bb _builder_version=\u00bb4.16&#8243; image_icon_custom_padding=\u00bb8px|8px|8px|8px|false|false\u00bb animation=\u00bboff\u00bb border_radii_image=\u00bbon|100%|100%|100%|100%\u00bb use_circle=\u00bbon\u00bb circle_color=\u00bb#2c368f\u00bb global_colors_info=\u00bb{}\u00bb image_icon_background_color__sticky_enabled=\u00bb#2ea3f2&#8243; image_icon_background_color__sticky=\u00bb#2ea3f2&#8243; background_size=\u00bbinitial\u00bb background_position=\u00bbtop_left\u00bb background_repeat=\u00bbrepeat\u00bb body_font=\u00bb|600|||||||\u00bb body_font_size=\u00bb24px\u00bb body_font_size_phone=\u00bb16px\u00bb body_font_size_last_edited=\u00bbon|phone\u00bb body_line_height=\u00bb2em\u00bb content_max_width=\u00bb100%\u00bb body_font_size_tablet=\u00bb24px\u00bb]<\/p>\n<p>contacto@neumaticosromero.com<\/p>\n<p>[\/et_pb_blurb][\/et_pb_column][et_pb_column type=\u00bb1_2&#8243; _builder_version=\u00bb4.16&#8243; custom_padding=\u00bb|||\u00bb global_colors_info=\u00bb{}\u00bb custom_padding__hover=\u00bb|||\u00bb][et_pb_contact_form email=\u00bbcontacto@neumaticosromero.com,info@neumaticosromero.com\u00bb custom_message=\u00bbNuevo mensaje de neumaticosromero.com||et_pb_line_break_holder||enviado por %%Name%%||et_pb_line_break_holder||Correo: %%Email%%||et_pb_line_break_holder||T\u00e9lefono: %%telefono%%||et_pb_line_break_holder||||et_pb_line_break_holder||Mensaje:||et_pb_line_break_holder||%%Message%%||et_pb_line_break_holder||||et_pb_line_break_holder||Por favor no responda directamente a este correo.||et_pb_line_break_holder||Dir\u00edjase al correo del cliente %%Email%% o contacte por su tel\u00e9fono %%telefono%%\u00bb success_message=\u00bb\u00a1Gracias por contactar con nosotros!\u00bb submit_button_text=\u00bbEnviar \u00bb admin_label=\u00bbFormulario de contacto\u00bb module_id=\u00bbet_pb_contact_form_0&#8243; _builder_version=\u00bb4.9.4&#8243; _unique_id=\u00bbaac175ed-8495-42c6-ae6d-02bfbfd59a26&#8243; custom_button=\u00bbon\u00bb button_text_color=\u00bb#ffffff\u00bb button_bg_color=\u00bbrgba(255,255,255,0)\u00bb button_border_color=\u00bb#ffffff\u00bb button_font=\u00bb|700||on|||||\u00bb custom_padding=\u00bb60px|40px|60px|40px|true|true\u00bb global_module=\u00bb883&#8243; saved_tabs=\u00bball\u00bb global_colors_info=\u00bb{}\u00bb captcha=\u00bboff\u00bb form_field_background_color=\u00bbrgba(0,0,0,0)\u00bb form_field_text_color=\u00bb#ffffff\u00bb title_level=\u00bbh2&#8243; title_font=\u00bbKhand|700||on|||||\u00bb title_text_color=\u00bb#ffffff\u00bb title_font_size=\u00bb60px\u00bb title_font_size_tablet=\u00bb40px\u00bb title_font_size_phone=\u00bb30px\u00bb title_font_size_last_edited=\u00bbon|desktop\u00bb title_line_height=\u00bb1.2em\u00bb form_field_font=\u00bb|600|||||||\u00bb form_field_font_size=\u00bb14px\u00bb form_field_line_height=\u00bb1.5em\u00bb background_color=\u00bb#0251b8&#8243; button_text_size=\u00bb14px\u00bb button_bg_color__hover=\u00bb#d10026&#8243; button_bg_color__hover_enabled=\u00bbon\u00bb button_border_width=\u00bb2px\u00bb button_border_radius=\u00bb0px\u00bb button_letter_spacing=\u00bb3px\u00bb button_icon=\u00bb&#x45;||divi||400&#8243; button_on_hover=\u00bboff\u00bb border_color_all=\u00bbrgba(255,255,255,0.2)\u00bb border_width_bottom=\u00bb2px\u00bb border_radii__hover=\u00bbon||||\u00bb border_radii__hover_enabled=\u00bbon||||\u00bb][et_pb_contact_field field_id=\u00bbName\u00bb field_title=\u00bbNombre\u00bb fullwidth_field=\u00bbon\u00bb _builder_version=\u00bb4.16&#8243; global_colors_info=\u00bb{}\u00bb button_text_size__hover_enabled=\u00bboff\u00bb button_one_text_size__hover_enabled=\u00bboff\u00bb button_two_text_size__hover_enabled=\u00bboff\u00bb button_text_color__hover_enabled=\u00bboff\u00bb button_one_text_color__hover_enabled=\u00bboff\u00bb button_two_text_color__hover_enabled=\u00bboff\u00bb button_border_width__hover_enabled=\u00bboff\u00bb button_one_border_width__hover_enabled=\u00bboff\u00bb button_two_border_width__hover_enabled=\u00bboff\u00bb button_border_color__hover_enabled=\u00bboff\u00bb button_one_border_color__hover_enabled=\u00bboff\u00bb button_two_border_color__hover_enabled=\u00bboff\u00bb button_border_radius__hover_enabled=\u00bboff\u00bb button_one_border_radius__hover_enabled=\u00bboff\u00bb button_two_border_radius__hover_enabled=\u00bboff\u00bb button_letter_spacing__hover_enabled=\u00bboff\u00bb button_one_letter_spacing__hover_enabled=\u00bboff\u00bb button_two_letter_spacing__hover_enabled=\u00bboff\u00bb button_bg_color__hover_enabled=\u00bboff\u00bb button_one_bg_color__hover_enabled=\u00bboff\u00bb button_two_bg_color__hover_enabled=\u00bboff\u00bb][\/et_pb_contact_field][et_pb_contact_field field_id=\u00bbtelefono\u00bb field_title=\u00bbTel\u00e9fono\u00bb min_length=\u00bb9&#8243; max_length=\u00bb15&#8243; allowed_symbols=\u00bbnumbers\u00bb _builder_version=\u00bb4.16&#8243; global_colors_info=\u00bb{}\u00bb button_text_size__hover_enabled=\u00bboff\u00bb button_one_text_size__hover_enabled=\u00bboff\u00bb button_two_text_size__hover_enabled=\u00bboff\u00bb button_text_color__hover_enabled=\u00bboff\u00bb button_one_text_color__hover_enabled=\u00bboff\u00bb button_two_text_color__hover_enabled=\u00bboff\u00bb button_border_width__hover_enabled=\u00bboff\u00bb button_one_border_width__hover_enabled=\u00bboff\u00bb button_two_border_width__hover_enabled=\u00bboff\u00bb button_border_color__hover_enabled=\u00bboff\u00bb button_one_border_color__hover_enabled=\u00bboff\u00bb button_two_border_color__hover_enabled=\u00bboff\u00bb button_border_radius__hover_enabled=\u00bboff\u00bb button_one_border_radius__hover_enabled=\u00bboff\u00bb button_two_border_radius__hover_enabled=\u00bboff\u00bb button_letter_spacing__hover_enabled=\u00bboff\u00bb button_one_letter_spacing__hover_enabled=\u00bboff\u00bb button_two_letter_spacing__hover_enabled=\u00bboff\u00bb button_bg_color__hover_enabled=\u00bboff\u00bb button_one_bg_color__hover_enabled=\u00bboff\u00bb button_two_bg_color__hover_enabled=\u00bboff\u00bb][\/et_pb_contact_field][et_pb_contact_field field_id=\u00bbEmail\u00bb field_title=\u00bbDirecci\u00f3n de correo electr\u00f3nico\u00bb field_type=\u00bbemail\u00bb _builder_version=\u00bb4.16&#8243; global_colors_info=\u00bb{}\u00bb button_text_size__hover_enabled=\u00bboff\u00bb button_one_text_size__hover_enabled=\u00bboff\u00bb button_two_text_size__hover_enabled=\u00bboff\u00bb button_text_color__hover_enabled=\u00bboff\u00bb button_one_text_color__hover_enabled=\u00bboff\u00bb button_two_text_color__hover_enabled=\u00bboff\u00bb button_border_width__hover_enabled=\u00bboff\u00bb button_one_border_width__hover_enabled=\u00bboff\u00bb button_two_border_width__hover_enabled=\u00bboff\u00bb button_border_color__hover_enabled=\u00bboff\u00bb button_one_border_color__hover_enabled=\u00bboff\u00bb button_two_border_color__hover_enabled=\u00bboff\u00bb button_border_radius__hover_enabled=\u00bboff\u00bb button_one_border_radius__hover_enabled=\u00bboff\u00bb button_two_border_radius__hover_enabled=\u00bboff\u00bb button_letter_spacing__hover_enabled=\u00bboff\u00bb button_one_letter_spacing__hover_enabled=\u00bboff\u00bb button_two_letter_spacing__hover_enabled=\u00bboff\u00bb button_bg_color__hover_enabled=\u00bboff\u00bb button_one_bg_color__hover_enabled=\u00bboff\u00bb button_two_bg_color__hover_enabled=\u00bboff\u00bb][\/et_pb_contact_field][et_pb_contact_field field_id=\u00bbMessage\u00bb field_title=\u00bbMensaje\u00bb field_type=\u00bbtext\u00bb fullwidth_field=\u00bbon\u00bb _builder_version=\u00bb4.16&#8243; global_colors_info=\u00bb{}\u00bb button_text_size__hover_enabled=\u00bboff\u00bb button_one_text_size__hover_enabled=\u00bboff\u00bb button_two_text_size__hover_enabled=\u00bboff\u00bb button_text_color__hover_enabled=\u00bboff\u00bb button_one_text_color__hover_enabled=\u00bboff\u00bb button_two_text_color__hover_enabled=\u00bboff\u00bb button_border_width__hover_enabled=\u00bboff\u00bb button_one_border_width__hover_enabled=\u00bboff\u00bb button_two_border_width__hover_enabled=\u00bboff\u00bb button_border_color__hover_enabled=\u00bboff\u00bb button_one_border_color__hover_enabled=\u00bboff\u00bb button_two_border_color__hover_enabled=\u00bboff\u00bb button_border_radius__hover_enabled=\u00bboff\u00bb button_one_border_radius__hover_enabled=\u00bboff\u00bb button_two_border_radius__hover_enabled=\u00bboff\u00bb button_letter_spacing__hover_enabled=\u00bboff\u00bb button_one_letter_spacing__hover_enabled=\u00bboff\u00bb button_two_letter_spacing__hover_enabled=\u00bboff\u00bb button_bg_color__hover_enabled=\u00bboff\u00bb button_one_bg_color__hover_enabled=\u00bboff\u00bb button_two_bg_color__hover_enabled=\u00bboff\u00bb][\/et_pb_contact_field][\/et_pb_contact_form][\/et_pb_column][\/et_pb_row][\/et_pb_section]<\/p>","protected":false},"excerpt":{"rendered":"<p>Contacta con nosotrosC\/ V\u00edctor Catal\u00e0, 36\u00a043206 Reus (Tarragona) Pol\u00edgono Industrial Agro-Reuscontacto@neumaticosromero.com<\/p>","protected":false},"author":5,"featured_media":0,"parent":0,"menu_order":0,"comment_status":"open","ping_status":"closed","template":"","meta":{"_et_pb_use_builder":"on","_et_pb_old_content":"","_et_gb_content_width":"","footnotes":""},"class_list":["post-111","page","type-page","status-publish","hentry"],"yoast_head":"<!-- This site is optimized with the Yoast SEO plugin v22.7 - https:\/\/yoast.com\/wordpress\/plugins\/seo\/ -->\n<title>Contactar con Neum\u00e1ticos Romero | Pneum\u00e0tics Romero | Reus TGN<\/title>\n<meta name=\"description\" content=\"Para contactar con Neum\u00e1ticos Romero, puedes utilizar nuestro formulario, llamarnos o enviarnos un mail. Toda la informaci\u00f3n de nuestra empresa Pneum\u00e0tics Romero Reus, Tarragona.\" \/>\n<meta name=\"robots\" content=\"index, follow, max-snippet:-1, max-image-preview:large, max-video-preview:-1\" \/>\n<link rel=\"canonical\" href=\"https:\/\/www.neumaticosromero.com\/ca\/contacto\/\" \/>\n<meta property=\"og:locale\" content=\"ca_ES\" \/>\n<meta property=\"og:type\" content=\"article\" \/>\n<meta property=\"og:title\" content=\"Contactar con Neum\u00e1ticos Romero | Pneum\u00e0tics Romero | Reus TGN\" \/>\n<meta property=\"og:description\" content=\"Para contactar con Neum\u00e1ticos Romero, puedes utilizar nuestro formulario, llamarnos o enviarnos un mail. Toda la informaci\u00f3n de nuestra empresa Pneum\u00e0tics Romero Reus, Tarragona.\" \/>\n<meta property=\"og:url\" content=\"https:\/\/www.neumaticosromero.com\/ca\/contacto\/\" \/>\n<meta property=\"og:site_name\" content=\"Neum\u00e1ticos Romero\" \/>\n<meta property=\"article:publisher\" content=\"https:\/\/www.facebook.com\/Neumaticos-Romero-Reus-110713677096831\" \/>\n<meta property=\"article:modified_time\" content=\"2022-08-29T15:06:23+00:00\" \/>\n<meta property=\"og:image\" content=\"https:\/\/www.neumaticosromero.com\/wp-content\/uploads\/2015\/03\/logo.png\" \/>\n\t<meta property=\"og:image:width\" content=\"568\" \/>\n\t<meta property=\"og:image:height\" content=\"282\" \/>\n\t<meta property=\"og:image:type\" content=\"image\/png\" \/>\n<meta name=\"twitter:label1\" content=\"Temps estimat de lectura\" \/>\n\t<meta name=\"twitter:data1\" content=\"9 minuts\" \/>\n<script type=\"application\/ld+json\" class=\"yoast-schema-graph\">{\"@context\":\"https:\/\/schema.org\",\"@graph\":[{\"@type\":\"WebPage\",\"@id\":\"https:\/\/www.neumaticosromero.com\/contacto\/\",\"url\":\"https:\/\/www.neumaticosromero.com\/contacto\/\",\"name\":\"Contactar con Neum\u00e1ticos Romero | Pneum\u00e0tics Romero | Reus TGN\",\"isPartOf\":{\"@id\":\"https:\/\/www.neumaticosromero.com\/#website\"},\"datePublished\":\"2015-03-13T18:37:37+00:00\",\"dateModified\":\"2022-08-29T15:06:23+00:00\",\"description\":\"Para contactar con Neum\u00e1ticos Romero, puedes utilizar nuestro formulario, llamarnos o enviarnos un mail. Toda la informaci\u00f3n de nuestra empresa Pneum\u00e0tics Romero Reus, Tarragona.\",\"breadcrumb\":{\"@id\":\"https:\/\/www.neumaticosromero.com\/contacto\/#breadcrumb\"},\"inLanguage\":\"ca\",\"potentialAction\":[{\"@type\":\"ReadAction\",\"target\":[\"https:\/\/www.neumaticosromero.com\/contacto\/\"]}]},{\"@type\":\"BreadcrumbList\",\"@id\":\"https:\/\/www.neumaticosromero.com\/contacto\/#breadcrumb\",\"itemListElement\":[{\"@type\":\"ListItem\",\"position\":1,\"name\":\"Home\",\"item\":\"https:\/\/www.neumaticosromero.com\/\"},{\"@type\":\"ListItem\",\"position\":2,\"name\":\"Contacto\"}]},{\"@type\":\"WebSite\",\"@id\":\"https:\/\/www.neumaticosromero.com\/#website\",\"url\":\"https:\/\/www.neumaticosromero.com\/\",\"name\":\"Neum\u00e1ticos Romero Taller\",\"description\":\"Taller de neum\u00e1ticos en Reus\",\"publisher\":{\"@id\":\"https:\/\/www.neumaticosromero.com\/#organization\"},\"alternateName\":\"Neum\u00e1ticos Romero\",\"potentialAction\":[{\"@type\":\"SearchAction\",\"target\":{\"@type\":\"EntryPoint\",\"urlTemplate\":\"https:\/\/www.neumaticosromero.com\/?s={search_term_string}\"},\"query-input\":\"required name=search_term_string\"}],\"inLanguage\":\"ca\"},{\"@type\":\"Organization\",\"@id\":\"https:\/\/www.neumaticosromero.com\/#organization\",\"name\":\"Neum\u00e1ticos Romero Taller\",\"url\":\"https:\/\/www.neumaticosromero.com\/\",\"logo\":{\"@type\":\"ImageObject\",\"inLanguage\":\"ca\",\"@id\":\"https:\/\/www.neumaticosromero.com\/#\/schema\/logo\/image\/\",\"url\":\"https:\/\/www.neumaticosromero.com\/wp-content\/uploads\/2015\/03\/logo.png\",\"contentUrl\":\"https:\/\/www.neumaticosromero.com\/wp-content\/uploads\/2015\/03\/logo.png\",\"width\":568,\"height\":282,\"caption\":\"Neum\u00e1ticos Romero Taller\"},\"image\":{\"@id\":\"https:\/\/www.neumaticosromero.com\/#\/schema\/logo\/image\/\"},\"sameAs\":[\"https:\/\/www.facebook.com\/Neumaticos-Romero-Reus-110713677096831\",\"https:\/\/www.instagram.com\/neumaticos_romero\/\"]}]}<\/script>\n<!-- \/ Yoast SEO plugin. -->","yoast_head_json":{"title":"Contactar con Neum\u00e1ticos Romero | Pneum\u00e0tics Romero | Reus TGN","description":"Para contactar con Neum\u00e1ticos Romero, puedes utilizar nuestro formulario, llamarnos o enviarnos un mail. Toda la informaci\u00f3n de nuestra empresa Pneum\u00e0tics Romero Reus, Tarragona.","robots":{"index":"index","follow":"follow","max-snippet":"max-snippet:-1","max-image-preview":"max-image-preview:large","max-video-preview":"max-video-preview:-1"},"canonical":"https:\/\/www.neumaticosromero.com\/ca\/contacto\/","og_locale":"ca_ES","og_type":"article","og_title":"Contactar con Neum\u00e1ticos Romero | Pneum\u00e0tics Romero | Reus TGN","og_description":"Para contactar con Neum\u00e1ticos Romero, puedes utilizar nuestro formulario, llamarnos o enviarnos un mail. Toda la informaci\u00f3n de nuestra empresa Pneum\u00e0tics Romero Reus, Tarragona.","og_url":"https:\/\/www.neumaticosromero.com\/ca\/contacto\/","og_site_name":"Neum\u00e1ticos Romero","article_publisher":"https:\/\/www.facebook.com\/Neumaticos-Romero-Reus-110713677096831","article_modified_time":"2022-08-29T15:06:23+00:00","og_image":[{"width":568,"height":282,"url":"https:\/\/www.neumaticosromero.com\/wp-content\/uploads\/2015\/03\/logo.png","type":"image\/png"}],"twitter_misc":{"Temps estimat de lectura":"9 minuts"},"schema":{"@context":"https:\/\/schema.org","@graph":[{"@type":"WebPage","@id":"https:\/\/www.neumaticosromero.com\/contacto\/","url":"https:\/\/www.neumaticosromero.com\/contacto\/","name":"Contactar con Neum\u00e1ticos Romero | Pneum\u00e0tics Romero | Reus TGN","isPartOf":{"@id":"https:\/\/www.neumaticosromero.com\/#website"},"datePublished":"2015-03-13T18:37:37+00:00","dateModified":"2022-08-29T15:06:23+00:00","description":"Para contactar con Neum\u00e1ticos Romero, puedes utilizar nuestro formulario, llamarnos o enviarnos un mail. Toda la informaci\u00f3n de nuestra empresa Pneum\u00e0tics Romero Reus, Tarragona.","breadcrumb":{"@id":"https:\/\/www.neumaticosromero.com\/contacto\/#breadcrumb"},"inLanguage":"ca","potentialAction":[{"@type":"ReadAction","target":["https:\/\/www.neumaticosromero.com\/contacto\/"]}]},{"@type":"BreadcrumbList","@id":"https:\/\/www.neumaticosromero.com\/contacto\/#breadcrumb","itemListElement":[{"@type":"ListItem","position":1,"name":"Home","item":"https:\/\/www.neumaticosromero.com\/"},{"@type":"ListItem","position":2,"name":"Contacto"}]},{"@type":"WebSite","@id":"https:\/\/www.neumaticosromero.com\/#website","url":"https:\/\/www.neumaticosromero.com\/","name":"Neum\u00e1ticos Romero Taller","description":"Taller de neum\u00e1ticos en Reus","publisher":{"@id":"https:\/\/www.neumaticosromero.com\/#organization"},"alternateName":"Neum\u00e1ticos Romero","potentialAction":[{"@type":"SearchAction","target":{"@type":"EntryPoint","urlTemplate":"https:\/\/www.neumaticosromero.com\/?s={search_term_string}"},"query-input":"required name=search_term_string"}],"inLanguage":"ca"},{"@type":"Organization","@id":"https:\/\/www.neumaticosromero.com\/#organization","name":"Neum\u00e1ticos Romero Taller","url":"https:\/\/www.neumaticosromero.com\/","logo":{"@type":"ImageObject","inLanguage":"ca","@id":"https:\/\/www.neumaticosromero.com\/#\/schema\/logo\/image\/","url":"https:\/\/www.neumaticosromero.com\/wp-content\/uploads\/2015\/03\/logo.png","contentUrl":"https:\/\/www.neumaticosromero.com\/wp-content\/uploads\/2015\/03\/logo.png","width":568,"height":282,"caption":"Neum\u00e1ticos Romero Taller"},"image":{"@id":"https:\/\/www.neumaticosromero.com\/#\/schema\/logo\/image\/"},"sameAs":["https:\/\/www.facebook.com\/Neumaticos-Romero-Reus-110713677096831","https:\/\/www.instagram.com\/neumaticos_romero\/"]}]}},"_links":{"self":[{"href":"https:\/\/www.neumaticosromero.com\/ca\/wp-json\/wp\/v2\/pages\/111","targetHints":{"allow":["GET"]}}],"collection":[{"href":"https:\/\/www.neumaticosromero.com\/ca\/wp-json\/wp\/v2\/pages"}],"about":[{"href":"https:\/\/www.neumaticosromero.com\/ca\/wp-json\/wp\/v2\/types\/page"}],"author":[{"embeddable":true,"href":"https:\/\/www.neumaticosromero.com\/ca\/wp-json\/wp\/v2\/users\/5"}],"replies":[{"embeddable":true,"href":"https:\/\/www.neumaticosromero.com\/ca\/wp-json\/wp\/v2\/comments?post=111"}],"version-history":[{"count":22,"href":"https:\/\/www.neumaticosromero.com\/ca\/wp-json\/wp\/v2\/pages\/111\/revisions"}],"predecessor-version":[{"id":1171,"href":"https:\/\/www.neumaticosromero.com\/ca\/wp-json\/wp\/v2\/pages\/111\/revisions\/1171"}],"wp:attachment":[{"href":"https:\/\/www.neumaticosromero.com\/ca\/wp-json\/wp\/v2\/media?parent=111"}],"curies":[{"name":"wp","href":"https:\/\/api.w.org\/{rel}","templated":true}]}}