{"id":846,"date":"2020-11-17T15:34:19","date_gmt":"2020-11-17T14:34:19","guid":{"rendered":"https:\/\/www.neumaticosromero.com\/?page_id=846"},"modified":"2022-02-21T14:54:55","modified_gmt":"2022-02-21T13:54:55","slug":"neumaticos-de-ocasion-en-reus","status":"publish","type":"page","link":"https:\/\/www.neumaticosromero.com\/ca\/neumaticos-de-ocasion-en-reus\/","title":{"rendered":"Neum\u00e1ticos de ocasi\u00f3n en Reus"},"content":{"rendered":"<p>[et_pb_section fb_built=\u00bb1&#8243; _builder_version=\u00bb3.22&#8243; global_colors_info=\u00bb{}\u00bb][et_pb_row column_structure=\u00bb3_5,2_5&#8243; _builder_version=\u00bb3.25&#8243; background_size=\u00bbinitial\u00bb background_position=\u00bbtop_left\u00bb background_repeat=\u00bbrepeat\u00bb global_colors_info=\u00bb{}\u00bb][et_pb_column type=\u00bb3_5&#8243; _builder_version=\u00bb3.25&#8243; custom_padding=\u00bb|||\u00bb global_colors_info=\u00bb{}\u00bb custom_padding__hover=\u00bb|||\u00bb][et_pb_text _builder_version=\u00bb4.9.4&#8243; background_size=\u00bbinitial\u00bb background_position=\u00bbtop_left\u00bb background_repeat=\u00bbrepeat\u00bb text_orientation=\u00bbcenter\u00bb global_colors_info=\u00bb{}\u00bb custom_margin=\u00bb||-6px|||\u00bb]<\/p>\n<h1>Neum\u00e1ticos de ocasi\u00f3n en Reus Tarragona -Taller neum\u00e1ticos Romero<\/h1>\n<p>Taller de <strong>ruedas de segunda mano<\/strong> &#8211;\u00a0 <strong>pneum\u00e0tics d'ocasi\u00f3 a Reus<\/strong> Tarragona<\/p>\n<h2 style=\"text-align: center;\">\u00bfPor qu\u00e9 elegir nuestras ruedas de segunda mano en Reus Tarragona?<\/h2>\n<p>&nbsp;<\/p>\n<p>[\/et_pb_text][et_pb_image src=\u00bbhttps:\/\/www.neumaticosromero.com\/wp-content\/uploads\/2021\/05\/neumaticos-especiales-en-Reus.jpg\u00bb _builder_version=\u00bb4.14.8&#8243; _module_preset=\u00bbdefault\u00bb alt=\u00bbneumaticos especiales de ocasi\u00f3n en Reus\u00bb title_text=\u00bbneumaticos especiales de ocasi\u00f3n en Reus Nuem\u00e1ticos romero\u00bb height=\u00bb163px\u00bb module_alignment=\u00bbcenter\u00bb hover_enabled=\u00bb0&#8243; sticky_enabled=\u00bb0&#8243; align=\u00bbcenter\u00bb][\/et_pb_image][\/et_pb_column][et_pb_column type=\u00bb2_5&#8243; _builder_version=\u00bb3.25&#8243; custom_padding=\u00bb|||\u00bb global_colors_info=\u00bb{}\u00bb custom_padding__hover=\u00bb|||\u00bb][et_pb_cta title=\u00bb\u00bfQue neum\u00e1ticos necesitas?\u00bb button_url=\u00bb@ET-DC@eyJkeW5hbWljIjp0cnVlLCJjb250ZW50IjoicG9zdF9saW5rX3VybF9wYWdlIiwic2V0dGluZ3MiOnsicG9zdF9pZCI6IjExMSJ9fQ==@\u00bb button_text=\u00bbContacta con nosotros\u00bb _builder_version=\u00bb4.13.0&#8243; _dynamic_attributes=\u00bbbutton_url\u00bb _module_preset=\u00bbdefault\u00bb header_font=\u00bb|||on|||||\u00bb header_text_color=\u00bb#000000&#8243; body_text_color=\u00bb#000000&#8243; body_font_size=\u00bb20px\u00bb background_color=\u00bb#f6ea00&#8243; custom_button=\u00bbon\u00bb button_text_size=\u00bb23px\u00bb button_text_color=\u00bb#EDF000&#8243; button_bg_color=\u00bbrgba(40,1,140,0.83)\u00bb button_border_color=\u00bb#FFFFFF\u00bb button_icon=\u00bb&#x6c;||divi||400&#8243; background_layout=\u00bblight\u00bb hover_enabled=\u00bb0&#8243; global_colors_info=\u00bb{}\u00bb sticky_enabled=\u00bb0&#8243;]<\/p>\n<p>Tenemos <strong>neum\u00e1ticos de segunda mano<\/strong> realmente econ\u00f3micos y asequibles. Tambi\u00e9n ponemos a tu alcance las mejores ofertas de<em> neum\u00e1ticos de ocasi\u00f3n en la provincia Tarragona.<\/em><\/p>\n<p>[\/et_pb_cta][\/et_pb_column][\/et_pb_row][et_pb_row column_structure=\u00bb1_3,1_3,1_3&#8243; _builder_version=\u00bb4.9.4&#8243; _module_preset=\u00bbdefault\u00bb global_colors_info=\u00bb{}\u00bb][et_pb_column type=\u00bb1_3&#8243; _builder_version=\u00bb4.9.4&#8243; _module_preset=\u00bbdefault\u00bb global_colors_info=\u00bb{}\u00bb][et_pb_blurb title=\u00bbRendimiento\u00bb image=\u00bbhttps:\/\/www.neumaticosromero.com\/wp-content\/uploads\/2015\/03\/Bridgestone-Potenza-S001.jpg\u00bb alt=\u00bbNeum\u00e1ticos de ocasi\u00f3n en Reus N Romero\u00bb icon_placement=\u00bbleft\u00bb _builder_version=\u00bb4.13.0&#8243; _module_preset=\u00bbdefault\u00bb header_level=\u00bbh3&#8243; text_orientation=\u00bbjustified\u00bb global_colors_info=\u00bb{}\u00bb]<\/p>\n<p>Elegimos solo los mejores neum\u00e1ticos de primeras marcas para la venta de ocasi\u00f3n. Neum\u00e1ticos de ocasi\u00f3n\u00a0 que ofrecen caracter\u00edsticas de rodaje excelentes y resistencia superior a los neum\u00e1ticos comunes.<\/p>\n<p>[\/et_pb_blurb][\/et_pb_column][et_pb_column type=\u00bb1_3&#8243; _builder_version=\u00bb4.9.4&#8243; _module_preset=\u00bbdefault\u00bb global_colors_info=\u00bb{}\u00bb][et_pb_blurb title=\u00bbAhorro\u00bb image=\u00bbhttps:\/\/www.neumaticosromero.com\/wp-content\/uploads\/2015\/03\/ofertas-en-neumaticos-etiqueta.png\u00bb alt=\u00bbofertas-en-neumaticos-etiqueta\u00bb icon_placement=\u00bbleft\u00bb _builder_version=\u00bb4.13.0&#8243; _module_preset=\u00bbdefault\u00bb header_level=\u00bbh3&#8243; text_orientation=\u00bbjustified\u00bb global_colors_info=\u00bb{}\u00bb]<\/p>\n<p>El ahorro es importante. Esto es obvio sobre todo cuando se miran medidas especiales o neum\u00e1ticos pr\u00e9mium. Es entonces cuando el ahorro comprando neum\u00e1ticos de ocasi\u00f3n es considerable, respet\u00f3 al neum\u00e1tico nuevo.<\/p>\n<p>[\/et_pb_blurb][\/et_pb_column][et_pb_column type=\u00bb1_3&#8243; _builder_version=\u00bb4.9.4&#8243; _module_preset=\u00bbdefault\u00bb global_colors_info=\u00bb{}\u00bb][et_pb_blurb title=\u00bbDurabilidad\u00bb image=\u00bbhttps:\/\/www.neumaticosromero.com\/wp-content\/uploads\/2015\/03\/agrimax_force-300&#215;391.jpg\u00bb alt=\u00bbNeum\u00e1ticos de ocasi\u00f3n pera camiones agricola autobus en Reus\u00bb icon_placement=\u00bbleft\u00bb _builder_version=\u00bb4.13.0&#8243; _module_preset=\u00bbdefault\u00bb header_level=\u00bbh3&#8243; text_orientation=\u00bbjustified\u00bb global_colors_info=\u00bb{}\u00bb]<\/p>\n<p>Para la venta de ocasi\u00f3n elegimos neum\u00e1ticos con un 90% de vida \u00fatil aproximada. Los minuciosos controles de calidad que hacemos en los neum\u00e1ticos permiten el pase a venta solo de los neum\u00e1ticos de calidad. Neum\u00e1ticos que permiten la circulaci\u00f3n con garant\u00eda de seguridad.<\/p>\n<p>[\/et_pb_blurb][\/et_pb_column][\/et_pb_row][et_pb_row _builder_version=\u00bb4.9.4&#8243; _module_preset=\u00bbdefault\u00bb global_colors_info=\u00bb{}\u00bb][et_pb_column type=\u00bb4_4&#8243; _builder_version=\u00bb4.9.4&#8243; _module_preset=\u00bbdefault\u00bb global_colors_info=\u00bb{}\u00bb][et_pb_text _builder_version=\u00bb4.9.4&#8243; background_size=\u00bbinitial\u00bb background_position=\u00bbtop_left\u00bb background_repeat=\u00bbrepeat\u00bb hover_enabled=\u00bb0&#8243; global_colors_info=\u00bb{}\u00bb sticky_enabled=\u00bb0&#8243;]<\/p>\n<h3>Como seleccionamos los neum\u00e1ticos de ocasi\u00f3n en Reus Tarragona<\/h3>\n<p>El neum\u00e1tico de ocasi\u00f3n es seleccionado en nuestro centro por nuestro personal, quienes lo clasifican de acuerdo a sus condiciones y grado de desgaste.<\/p>\n<p>Las mejores Ruedas de Segunda Mano en Reus las puedes encontrar en Neum\u00e1ticos Romero. Ahorra considerablemente y consigue unas ruedas con muy poco uso. Siempre revisamos exhaustivamente las ruedas de segunda mano para garantizar su excelencia.<\/p>\n<p>Nuestros operarios de taller son aut\u00e9nticos expertos y tienen la formaci\u00f3n y la experiencia imprescindible para conocer el estado exacto de los neum\u00e1ticos. Nuestra prioridad es que solo te preocupes en disfrutar conduciendo.<\/p>\n<p>Trabajamos con primeras marcas en neum\u00e1ticos y con todo tipo de veh\u00edculos:<\/p>\n<ul>\n<li>turismos, 4\u00d74,<\/li>\n<li>motos<\/li>\n<li>camiones<\/li>\n<li>monovol\u00famenes,<\/li>\n<li>furgonetas.<\/li>\n<\/ul>\n<p>Escoja <em>pneum\u00e0tics d'ocasi\u00f3 a Reus<\/em> Neum\u00e1ticos Romero.<\/p>\n<p>Todo neum\u00e1tico de ocasi\u00f3n que se encuentra en nuestro stock es totalmente revisado y adem\u00e1s de ser una opci\u00f3n m\u00e1s econ\u00f3mica, puede resultar una mejor opci\u00f3n medioambiental respecto al nuevo.<\/p>\n<p>Otra gran ventaja es que no se le repercute la ecotasa correspondiente a la hora de su venta, ya que esta ya fue abonada cuando el neum\u00e1tico era nuevo.<\/p>\n<p>Podemos pues ofrecerle diversas calidades en cuanto al nivel de desgaste y condiciones del neum\u00e1tico, as\u00ed como la mayor parte de las marcas.<\/p>\n<p>[\/et_pb_text][et_pb_cta title=\u00bbVisita nuestro taller de neum\u00e1ticos de ocasi\u00f3n Romero\u00bb button_url=\u00bb@ET-DC@eyJkeW5hbWljIjp0cnVlLCJjb250ZW50IjoicG9zdF9saW5rX3VybF9wYWdlIiwic2V0dGluZ3MiOnsicG9zdF9pZCI6IjExMSJ9fQ==@\u00bb button_text=\u00bbContacta con nosotros\u00bb _builder_version=\u00bb4.14.8&#8243; _dynamic_attributes=\u00bbbutton_url\u00bb _module_preset=\u00bbdefault\u00bb header_font=\u00bb|||on|||||\u00bb header_text_color=\u00bb#000000&#8243; body_text_color=\u00bb#000000&#8243; body_font_size=\u00bb20px\u00bb background_color=\u00bb#f6ea00&#8243; custom_button=\u00bbon\u00bb button_text_size=\u00bb23px\u00bb button_text_color=\u00bb#EDF000&#8243; button_bg_color=\u00bbrgba(40,1,140,0.83)\u00bb button_border_color=\u00bb#FFFFFF\u00bb button_icon=\u00bb&#x6c;||divi||400&#8243; background_layout=\u00bblight\u00bb hover_enabled=\u00bb0&#8243; global_colors_info=\u00bb{}\u00bb sticky_enabled=\u00bb0&#8243;]<\/p>\n<h3><\/h3>\n<p>Tenemos ruedas de segundo mano realmente\u00a0econ\u00f3micas y asequibles para tu bolsillo. Tambi\u00e9n ponemos a tu alcance\u00a0las mejores ofertas de<strong> neum\u00e1ticos nuevos en la provincia Tarragona.<\/strong><\/p>\n<p>[\/et_pb_cta][\/et_pb_column][\/et_pb_row][\/et_pb_section]<\/p>","protected":false},"excerpt":{"rendered":"<p>Neum\u00e1ticos de ocasi\u00f3n en Reus Tarragona -Taller neum\u00e1ticos Romero Taller de ruedas de segunda mano &#8211;\u00a0 neum\u00e1ticos de ocasi\u00f3n en Reus Tarragona \u00bfPor qu\u00e9 elegir nuestras ruedas de segunda mano en Reus Tarragona? &nbsp;Tenemos neum\u00e1ticos de segunda mano realmente econ\u00f3micos y asequibles. Tambi\u00e9n ponemos a tu alcance las mejores ofertas de neum\u00e1ticos de ocasi\u00f3n en [&hellip;]<\/p>","protected":false},"author":5,"featured_media":0,"parent":0,"menu_order":0,"comment_status":"closed","ping_status":"closed","template":"","meta":{"_et_pb_use_builder":"on","_et_pb_old_content":"<!-- wp:paragraph -->\r\n<p>El neum\u00e1tico de ocasi\u00f3n es seleccionado en nuestro centro por nuestro personal, quienes lo clasifican de acuerdo a sus condiciones y grado de desgaste.<\/p>\r\n<!-- \/wp:paragraph -->\r\n\r\n<!-- wp:quote {\"className\":\"is-style-large\"} -->\r\n<blockquote class=\"wp-block-quote is-style-large\"><p>Escoja neum\u00e1ticos de ocasi\u00f3n en Reus Neum\u00e1ticos Romero.<\/p><\/blockquote>\r\n<!-- \/wp:quote -->\r\n\r\n<!-- wp:paragraph -->\r\n<p>Todo neum\u00e1tico de ocasi\u00f3n que se encuentra en nuestro stock se encuentra por tanto totalmente revisado y adem\u00e1s de ser una opci\u00f3n m\u00e1s econ\u00f3mica, puede resultar una mejor opci\u00f3n medioambiental respecto al nuevo.<\/p>\r\n<!-- \/wp:paragraph -->\r\n\r\n<!-- wp:paragraph -->\r\n<p>Otra gran ventaja es que no se le repercute la ecotasa correspondiente a la hora de su venta, ya que \u00e9sta ya fue abonada cuando el neum\u00e1tico era nuevo.<\/p>\r\n<!-- \/wp:paragraph -->\r\n\r\n<!-- wp:paragraph -->\r\n<p>Podemos pues ofrecerle diversas calidades en cuanto al nivel de desgaste y condiciones del neum\u00e1tico, as\u00ed como la mayor parte de las marcas.<\/p>\r\n<!-- \/wp:paragraph -->","_et_gb_content_width":"","footnotes":""},"class_list":["post-846","page","type-page","status-publish","hentry"],"yoast_head":"<!-- This site is optimized with the Yoast SEO plugin v22.7 - https:\/\/yoast.com\/wordpress\/plugins\/seo\/ -->\n<title>Neum\u00e1ticos de ocasi\u00f3n en Reus Tarragona - Neum\u00e1ticos Romero<\/title>\n<meta name=\"description\" content=\"Neum\u00e1ticos de ocasi\u00f3n en Reus - Neum\u00e1ticos seminuevos de alto rendimiento. Los mejores precios en neum\u00e1ticos de ocasi\u00f3n en Tarragona\" \/>\n<meta name=\"robots\" content=\"index, follow, max-snippet:-1, max-image-preview:large, max-video-preview:-1\" \/>\n<link rel=\"canonical\" href=\"https:\/\/www.neumaticosromero.com\/ca\/neumaticos-de-ocasion-en-reus\/\" \/>\n<meta property=\"og:locale\" content=\"ca_ES\" \/>\n<meta property=\"og:type\" content=\"article\" \/>\n<meta property=\"og:title\" content=\"Neum\u00e1ticos de ocasi\u00f3n en Reus Tarragona - Neum\u00e1ticos Romero\" \/>\n<meta property=\"og:description\" content=\"Neum\u00e1ticos de ocasi\u00f3n en Reus - Neum\u00e1ticos seminuevos de alto rendimiento. Los mejores precios en neum\u00e1ticos de ocasi\u00f3n en Tarragona\" \/>\n<meta property=\"og:url\" content=\"https:\/\/www.neumaticosromero.com\/ca\/neumaticos-de-ocasion-en-reus\/\" \/>\n<meta property=\"og:site_name\" content=\"Neum\u00e1ticos Romero\" \/>\n<meta property=\"article:publisher\" content=\"https:\/\/www.facebook.com\/Neumaticos-Romero-Reus-110713677096831\" \/>\n<meta property=\"article:modified_time\" content=\"2022-02-21T13:54:55+00:00\" \/>\n<meta property=\"og:image\" content=\"https:\/\/www.neumaticosromero.com\/wp-content\/uploads\/2015\/03\/logo.png\" \/>\n\t<meta property=\"og:image:width\" content=\"568\" \/>\n\t<meta property=\"og:image:height\" content=\"282\" \/>\n\t<meta property=\"og:image:type\" content=\"image\/png\" \/>\n<meta name=\"twitter:label1\" content=\"Temps estimat de lectura\" \/>\n\t<meta name=\"twitter:data1\" content=\"5 minuts\" \/>\n<script type=\"application\/ld+json\" class=\"yoast-schema-graph\">{\"@context\":\"https:\/\/schema.org\",\"@graph\":[{\"@type\":\"WebPage\",\"@id\":\"https:\/\/www.neumaticosromero.com\/neumaticos-de-ocasion-en-reus\/\",\"url\":\"https:\/\/www.neumaticosromero.com\/neumaticos-de-ocasion-en-reus\/\",\"name\":\"Neum\u00e1ticos de ocasi\u00f3n en Reus Tarragona - Neum\u00e1ticos Romero\",\"isPartOf\":{\"@id\":\"https:\/\/www.neumaticosromero.com\/#website\"},\"datePublished\":\"2020-11-17T14:34:19+00:00\",\"dateModified\":\"2022-02-21T13:54:55+00:00\",\"description\":\"Neum\u00e1ticos de ocasi\u00f3n en Reus - Neum\u00e1ticos seminuevos de alto rendimiento. Los mejores precios en neum\u00e1ticos de ocasi\u00f3n en Tarragona\",\"breadcrumb\":{\"@id\":\"https:\/\/www.neumaticosromero.com\/neumaticos-de-ocasion-en-reus\/#breadcrumb\"},\"inLanguage\":\"ca\",\"potentialAction\":[{\"@type\":\"ReadAction\",\"target\":[\"https:\/\/www.neumaticosromero.com\/neumaticos-de-ocasion-en-reus\/\"]}]},{\"@type\":\"BreadcrumbList\",\"@id\":\"https:\/\/www.neumaticosromero.com\/neumaticos-de-ocasion-en-reus\/#breadcrumb\",\"itemListElement\":[{\"@type\":\"ListItem\",\"position\":1,\"name\":\"Home\",\"item\":\"https:\/\/www.neumaticosromero.com\/\"},{\"@type\":\"ListItem\",\"position\":2,\"name\":\"Neum\u00e1ticos de ocasi\u00f3n en Reus\"}]},{\"@type\":\"WebSite\",\"@id\":\"https:\/\/www.neumaticosromero.com\/#website\",\"url\":\"https:\/\/www.neumaticosromero.com\/\",\"name\":\"Neum\u00e1ticos Romero Taller\",\"description\":\"Taller de neum\u00e1ticos en Reus\",\"publisher\":{\"@id\":\"https:\/\/www.neumaticosromero.com\/#organization\"},\"alternateName\":\"Neum\u00e1ticos Romero\",\"potentialAction\":[{\"@type\":\"SearchAction\",\"target\":{\"@type\":\"EntryPoint\",\"urlTemplate\":\"https:\/\/www.neumaticosromero.com\/?s={search_term_string}\"},\"query-input\":\"required name=search_term_string\"}],\"inLanguage\":\"ca\"},{\"@type\":\"Organization\",\"@id\":\"https:\/\/www.neumaticosromero.com\/#organization\",\"name\":\"Neum\u00e1ticos Romero Taller\",\"url\":\"https:\/\/www.neumaticosromero.com\/\",\"logo\":{\"@type\":\"ImageObject\",\"inLanguage\":\"ca\",\"@id\":\"https:\/\/www.neumaticosromero.com\/#\/schema\/logo\/image\/\",\"url\":\"https:\/\/www.neumaticosromero.com\/wp-content\/uploads\/2015\/03\/logo.png\",\"contentUrl\":\"https:\/\/www.neumaticosromero.com\/wp-content\/uploads\/2015\/03\/logo.png\",\"width\":568,\"height\":282,\"caption\":\"Neum\u00e1ticos Romero Taller\"},\"image\":{\"@id\":\"https:\/\/www.neumaticosromero.com\/#\/schema\/logo\/image\/\"},\"sameAs\":[\"https:\/\/www.facebook.com\/Neumaticos-Romero-Reus-110713677096831\",\"https:\/\/www.instagram.com\/neumaticos_romero\/\"]}]}<\/script>\n<!-- \/ Yoast SEO plugin. -->","yoast_head_json":{"title":"Neum\u00e1ticos de ocasi\u00f3n en Reus Tarragona - Neum\u00e1ticos Romero","description":"Neum\u00e1ticos de ocasi\u00f3n en Reus - Neum\u00e1ticos seminuevos de alto rendimiento. Los mejores precios en neum\u00e1ticos de ocasi\u00f3n en Tarragona","robots":{"index":"index","follow":"follow","max-snippet":"max-snippet:-1","max-image-preview":"max-image-preview:large","max-video-preview":"max-video-preview:-1"},"canonical":"https:\/\/www.neumaticosromero.com\/ca\/neumaticos-de-ocasion-en-reus\/","og_locale":"ca_ES","og_type":"article","og_title":"Neum\u00e1ticos de ocasi\u00f3n en Reus Tarragona - Neum\u00e1ticos Romero","og_description":"Neum\u00e1ticos de ocasi\u00f3n en Reus - Neum\u00e1ticos seminuevos de alto rendimiento. Los mejores precios en neum\u00e1ticos de ocasi\u00f3n en Tarragona","og_url":"https:\/\/www.neumaticosromero.com\/ca\/neumaticos-de-ocasion-en-reus\/","og_site_name":"Neum\u00e1ticos Romero","article_publisher":"https:\/\/www.facebook.com\/Neumaticos-Romero-Reus-110713677096831","article_modified_time":"2022-02-21T13:54:55+00:00","og_image":[{"width":568,"height":282,"url":"https:\/\/www.neumaticosromero.com\/wp-content\/uploads\/2015\/03\/logo.png","type":"image\/png"}],"twitter_misc":{"Temps estimat de lectura":"5 minuts"},"schema":{"@context":"https:\/\/schema.org","@graph":[{"@type":"WebPage","@id":"https:\/\/www.neumaticosromero.com\/neumaticos-de-ocasion-en-reus\/","url":"https:\/\/www.neumaticosromero.com\/neumaticos-de-ocasion-en-reus\/","name":"Neum\u00e1ticos de ocasi\u00f3n en Reus Tarragona - Neum\u00e1ticos Romero","isPartOf":{"@id":"https:\/\/www.neumaticosromero.com\/#website"},"datePublished":"2020-11-17T14:34:19+00:00","dateModified":"2022-02-21T13:54:55+00:00","description":"Neum\u00e1ticos de ocasi\u00f3n en Reus - Neum\u00e1ticos seminuevos de alto rendimiento. Los mejores precios en neum\u00e1ticos de ocasi\u00f3n en Tarragona","breadcrumb":{"@id":"https:\/\/www.neumaticosromero.com\/neumaticos-de-ocasion-en-reus\/#breadcrumb"},"inLanguage":"ca","potentialAction":[{"@type":"ReadAction","target":["https:\/\/www.neumaticosromero.com\/neumaticos-de-ocasion-en-reus\/"]}]},{"@type":"BreadcrumbList","@id":"https:\/\/www.neumaticosromero.com\/neumaticos-de-ocasion-en-reus\/#breadcrumb","itemListElement":[{"@type":"ListItem","position":1,"name":"Home","item":"https:\/\/www.neumaticosromero.com\/"},{"@type":"ListItem","position":2,"name":"Neum\u00e1ticos de ocasi\u00f3n en Reus"}]},{"@type":"WebSite","@id":"https:\/\/www.neumaticosromero.com\/#website","url":"https:\/\/www.neumaticosromero.com\/","name":"Neum\u00e1ticos Romero Taller","description":"Taller de neum\u00e1ticos en Reus","publisher":{"@id":"https:\/\/www.neumaticosromero.com\/#organization"},"alternateName":"Neum\u00e1ticos Romero","potentialAction":[{"@type":"SearchAction","target":{"@type":"EntryPoint","urlTemplate":"https:\/\/www.neumaticosromero.com\/?s={search_term_string}"},"query-input":"required name=search_term_string"}],"inLanguage":"ca"},{"@type":"Organization","@id":"https:\/\/www.neumaticosromero.com\/#organization","name":"Neum\u00e1ticos Romero Taller","url":"https:\/\/www.neumaticosromero.com\/","logo":{"@type":"ImageObject","inLanguage":"ca","@id":"https:\/\/www.neumaticosromero.com\/#\/schema\/logo\/image\/","url":"https:\/\/www.neumaticosromero.com\/wp-content\/uploads\/2015\/03\/logo.png","contentUrl":"https:\/\/www.neumaticosromero.com\/wp-content\/uploads\/2015\/03\/logo.png","width":568,"height":282,"caption":"Neum\u00e1ticos Romero Taller"},"image":{"@id":"https:\/\/www.neumaticosromero.com\/#\/schema\/logo\/image\/"},"sameAs":["https:\/\/www.facebook.com\/Neumaticos-Romero-Reus-110713677096831","https:\/\/www.instagram.com\/neumaticos_romero\/"]}]}},"_links":{"self":[{"href":"https:\/\/www.neumaticosromero.com\/ca\/wp-json\/wp\/v2\/pages\/846","targetHints":{"allow":["GET"]}}],"collection":[{"href":"https:\/\/www.neumaticosromero.com\/ca\/wp-json\/wp\/v2\/pages"}],"about":[{"href":"https:\/\/www.neumaticosromero.com\/ca\/wp-json\/wp\/v2\/types\/page"}],"author":[{"embeddable":true,"href":"https:\/\/www.neumaticosromero.com\/ca\/wp-json\/wp\/v2\/users\/5"}],"replies":[{"embeddable":true,"href":"https:\/\/www.neumaticosromero.com\/ca\/wp-json\/wp\/v2\/comments?post=846"}],"version-history":[{"count":10,"href":"https:\/\/www.neumaticosromero.com\/ca\/wp-json\/wp\/v2\/pages\/846\/revisions"}],"predecessor-version":[{"id":933,"href":"https:\/\/www.neumaticosromero.com\/ca\/wp-json\/wp\/v2\/pages\/846\/revisions\/933"}],"wp:attachment":[{"href":"https:\/\/www.neumaticosromero.com\/ca\/wp-json\/wp\/v2\/media?parent=846"}],"curies":[{"name":"wp","href":"https:\/\/api.w.org\/{rel}","templated":true}]}}