{"id":802,"date":"2020-07-07T16:25:00","date_gmt":"2020-07-07T15:25:00","guid":{"rendered":"https:\/\/www.neumaticosromero.com\/?post_type=product&#038;p=802"},"modified":"2024-07-09T23:25:36","modified_gmt":"2024-07-09T22:25:36","slug":"juego-4-pastillas-de-freno-delanteros-bosch","status":"publish","type":"product","link":"https:\/\/www.neumaticosromero.com\/ca\/product\/juego-4-pastillas-de-freno-delanteros-bosch\/","title":{"rendered":"Joc 4 pastilles de fre davanters Bosch"},"content":{"rendered":"<div class=\"product-constrains left-bordered\">\n<div>\n<ul class=\"product-constrains\">\n<li><span class=\"title-def\">Pinza de freno\/montaje de origen : <\/span>Bendix\/Bosch<\/li>\n<\/ul>\n<\/div>\n<\/div>\n<div>\n<ul class=\"product-item\">\n<li><span class=\"title-def\">Cantidad : <\/span>4<\/li>\n<li><span class=\"title-def\">Gama : <\/span>De origen<\/li>\n<\/ul>\n<\/div>\n<div class=\"product-properties\">\n<div class=\"more-properties animate-height-collapse\">\n<ul class=\"product-item\">\n<li><span class=\"title-def\">Material : <\/span>Metal sinterizado<\/li>\n<li><span class=\"title-def\">Espesor : <\/span>18,8 mm<\/li>\n<li><span class=\"title-def\">Ancho : <\/span>137,1 mm<\/li>\n<li><span class=\"title-def\">Altura : <\/span>51,7 mm<\/li>\n<\/ul>\n<p>Confiamos en los componentes fabricados por los pioneros en el \u00e1mbito de los sistemas de seguridad electr\u00f3nicos para la conducci\u00f3n.<\/p>\n<p>La gama Bosch, uno de los fabricantes de frenos l\u00edderes en el mundo, contiene m\u00e1s de 10.000 productos, todos ellos fabricados para satisfacer rigurosos est\u00e1ndares de calidad.<\/p>\n<\/div>\n<\/div>\n<p>El freno de disco se caracteriza por disponer, como su nombre indica, de un disco freno, que gira al mismo tiempo que gira la rueda. Ambos, rueda y disco, se encuentran anclados al buje de la rueda. Este disco, adem\u00e1s, gira controlado a ambos lados por las pinzas de freno que son las que contienen las pastillas.Cuando el conductor acciona el pedal de freno, el sistema hidr\u00e1ulico del coche transmite a las pinzas de freno la acci\u00f3n de cerrarse sobre el disco. Entonces es cuando entran en juego las pastillas de freno que, mediante la fuerza de fricci\u00f3n, presionan al disco por ambos lados hasta detenerlo y detener a su vez la rueda que gira con \u00e9l.Los frenos del coche al estar sometidos todos sus componentes a una fuerte presi\u00f3n tienden a gastarse y requieren un mantenimiento peri\u00f3dico. Los elementos que tienden al desgaste en el sistema de frenos de un coche son: las pastillas, el disco y el l\u00edquido de frenos.<\/p>","protected":false},"excerpt":{"rendered":"<p>Pinza de freno\/montaje de origen : Bendix\/Bosch Cantidad : 4 Gama : De origen Material : Metal sinterizado Espesor : 18,8 mm Ancho : 137,1 mm Altura : 51,7 mm Confiamos en los componentes fabricados por los pioneros en el \u00e1mbito de los sistemas de seguridad electr\u00f3nicos para la conducci\u00f3n. La gama Bosch, uno de [&hellip;]<\/p>","protected":false},"featured_media":803,"comment_status":"open","ping_status":"closed","template":"","meta":{"_et_pb_use_builder":"","_et_pb_old_content":"","_et_gb_content_width":""},"product_cat":[40,42],"product_tag":[],"class_list":{"0":"post-802","1":"product","2":"type-product","3":"status-publish","4":"has-post-thumbnail","6":"product_cat-recambios","7":"product_cat-frenos","9":"first","10":"instock","11":"shipping-taxable","12":"product-type-simple"},"yoast_head":"<!-- This site is optimized with the Yoast SEO plugin v22.7 - https:\/\/yoast.com\/wordpress\/plugins\/seo\/ -->\n<title>Juego 4 pastillas de freno delanteros Bosch - Neum\u00e1ticos Romero<\/title>\n<meta name=\"robots\" content=\"index, follow, max-snippet:-1, max-image-preview:large, max-video-preview:-1\" \/>\n<link rel=\"canonical\" href=\"https:\/\/www.neumaticosromero.com\/ca\/producte\/juego-4-pastillas-de-freno-delanteros-bosch\/\" \/>\n<meta property=\"og:locale\" content=\"ca_ES\" \/>\n<meta property=\"og:type\" content=\"article\" \/>\n<meta property=\"og:title\" content=\"Juego 4 pastillas de freno delanteros Bosch - Neum\u00e1ticos Romero\" \/>\n<meta property=\"og:description\" content=\"Pinza de freno\/montaje de origen : Bendix\/Bosch Cantidad : 4 Gama : De origen Material : Metal sinterizado Espesor : 18,8 mm Ancho : 137,1 mm Altura : 51,7 mm Confiamos en los componentes fabricados por los pioneros en el \u00e1mbito de los sistemas de seguridad electr\u00f3nicos para la conducci\u00f3n. La gama Bosch, uno de [&hellip;]\" \/>\n<meta property=\"og:url\" content=\"https:\/\/www.neumaticosromero.com\/ca\/producte\/juego-4-pastillas-de-freno-delanteros-bosch\/\" \/>\n<meta property=\"og:site_name\" content=\"Neum\u00e1ticos Romero\" \/>\n<meta property=\"article:publisher\" content=\"https:\/\/www.facebook.com\/Neumaticos-Romero-Reus-110713677096831\" \/>\n<meta property=\"article:modified_time\" content=\"2024-07-09T22:25:36+00:00\" \/>\n<meta property=\"og:image\" content=\"https:\/\/www.neumaticosromero.com\/wp-content\/uploads\/2020\/07\/frenos-bosch.jpg\" \/>\n\t<meta property=\"og:image:width\" content=\"600\" \/>\n\t<meta property=\"og:image:height\" content=\"398\" \/>\n\t<meta property=\"og:image:type\" content=\"image\/jpeg\" \/>\n<meta name=\"twitter:label1\" content=\"Temps estimat de lectura\" \/>\n\t<meta name=\"twitter:data1\" content=\"1 minut\" \/>\n<script type=\"application\/ld+json\" class=\"yoast-schema-graph\">{\"@context\":\"https:\/\/schema.org\",\"@graph\":[{\"@type\":\"WebPage\",\"@id\":\"https:\/\/www.neumaticosromero.com\/ca\/producte\/juego-4-pastillas-de-freno-delanteros-bosch\/\",\"url\":\"https:\/\/www.neumaticosromero.com\/ca\/producte\/juego-4-pastillas-de-freno-delanteros-bosch\/\",\"name\":\"Juego 4 pastillas de freno delanteros Bosch - Neum\u00e1ticos Romero\",\"isPartOf\":{\"@id\":\"https:\/\/www.neumaticosromero.com\/#website\"},\"primaryImageOfPage\":{\"@id\":\"https:\/\/www.neumaticosromero.com\/ca\/producte\/juego-4-pastillas-de-freno-delanteros-bosch\/#primaryimage\"},\"image\":{\"@id\":\"https:\/\/www.neumaticosromero.com\/ca\/producte\/juego-4-pastillas-de-freno-delanteros-bosch\/#primaryimage\"},\"thumbnailUrl\":\"https:\/\/www.neumaticosromero.com\/wp-content\/uploads\/2020\/07\/frenos-bosch.jpg\",\"datePublished\":\"2020-07-07T15:25:00+00:00\",\"dateModified\":\"2024-07-09T22:25:36+00:00\",\"breadcrumb\":{\"@id\":\"https:\/\/www.neumaticosromero.com\/ca\/producte\/juego-4-pastillas-de-freno-delanteros-bosch\/#breadcrumb\"},\"inLanguage\":\"ca\",\"potentialAction\":[{\"@type\":\"ReadAction\",\"target\":[\"https:\/\/www.neumaticosromero.com\/ca\/producte\/juego-4-pastillas-de-freno-delanteros-bosch\/\"]}]},{\"@type\":\"ImageObject\",\"inLanguage\":\"ca\",\"@id\":\"https:\/\/www.neumaticosromero.com\/ca\/producte\/juego-4-pastillas-de-freno-delanteros-bosch\/#primaryimage\",\"url\":\"https:\/\/www.neumaticosromero.com\/wp-content\/uploads\/2020\/07\/frenos-bosch.jpg\",\"contentUrl\":\"https:\/\/www.neumaticosromero.com\/wp-content\/uploads\/2020\/07\/frenos-bosch.jpg\",\"width\":600,\"height\":398,\"caption\":\"juego 4 pastilals delanteras frenos bosch\"},{\"@type\":\"BreadcrumbList\",\"@id\":\"https:\/\/www.neumaticosromero.com\/ca\/producte\/juego-4-pastillas-de-freno-delanteros-bosch\/#breadcrumb\",\"itemListElement\":[{\"@type\":\"ListItem\",\"position\":1,\"name\":\"Home\",\"item\":\"https:\/\/www.neumaticosromero.com\/\"},{\"@type\":\"ListItem\",\"position\":2,\"name\":\"Tienda\",\"item\":\"https:\/\/www.neumaticosromero.com\/tienda\/\"},{\"@type\":\"ListItem\",\"position\":3,\"name\":\"Juego 4 pastillas de freno delanteros Bosch\"}]},{\"@type\":\"WebSite\",\"@id\":\"https:\/\/www.neumaticosromero.com\/#website\",\"url\":\"https:\/\/www.neumaticosromero.com\/\",\"name\":\"Neum\u00e1ticos Romero Taller\",\"description\":\"Taller de neum\u00e1ticos en Reus\",\"publisher\":{\"@id\":\"https:\/\/www.neumaticosromero.com\/#organization\"},\"alternateName\":\"Neum\u00e1ticos Romero\",\"potentialAction\":[{\"@type\":\"SearchAction\",\"target\":{\"@type\":\"EntryPoint\",\"urlTemplate\":\"https:\/\/www.neumaticosromero.com\/?s={search_term_string}\"},\"query-input\":\"required name=search_term_string\"}],\"inLanguage\":\"ca\"},{\"@type\":\"Organization\",\"@id\":\"https:\/\/www.neumaticosromero.com\/#organization\",\"name\":\"Neum\u00e1ticos Romero Taller\",\"url\":\"https:\/\/www.neumaticosromero.com\/\",\"logo\":{\"@type\":\"ImageObject\",\"inLanguage\":\"ca\",\"@id\":\"https:\/\/www.neumaticosromero.com\/#\/schema\/logo\/image\/\",\"url\":\"https:\/\/www.neumaticosromero.com\/wp-content\/uploads\/2015\/03\/logo.png\",\"contentUrl\":\"https:\/\/www.neumaticosromero.com\/wp-content\/uploads\/2015\/03\/logo.png\",\"width\":568,\"height\":282,\"caption\":\"Neum\u00e1ticos Romero Taller\"},\"image\":{\"@id\":\"https:\/\/www.neumaticosromero.com\/#\/schema\/logo\/image\/\"},\"sameAs\":[\"https:\/\/www.facebook.com\/Neumaticos-Romero-Reus-110713677096831\",\"https:\/\/www.instagram.com\/neumaticos_romero\/\"]}]}<\/script>\n<!-- \/ Yoast SEO plugin. -->","yoast_head_json":{"title":"Juego 4 pastillas de freno delanteros Bosch - Neum\u00e1ticos Romero","robots":{"index":"index","follow":"follow","max-snippet":"max-snippet:-1","max-image-preview":"max-image-preview:large","max-video-preview":"max-video-preview:-1"},"canonical":"https:\/\/www.neumaticosromero.com\/ca\/producte\/juego-4-pastillas-de-freno-delanteros-bosch\/","og_locale":"ca_ES","og_type":"article","og_title":"Juego 4 pastillas de freno delanteros Bosch - Neum\u00e1ticos Romero","og_description":"Pinza de freno\/montaje de origen : Bendix\/Bosch Cantidad : 4 Gama : De origen Material : Metal sinterizado Espesor : 18,8 mm Ancho : 137,1 mm Altura : 51,7 mm Confiamos en los componentes fabricados por los pioneros en el \u00e1mbito de los sistemas de seguridad electr\u00f3nicos para la conducci\u00f3n. La gama Bosch, uno de [&hellip;]","og_url":"https:\/\/www.neumaticosromero.com\/ca\/producte\/juego-4-pastillas-de-freno-delanteros-bosch\/","og_site_name":"Neum\u00e1ticos Romero","article_publisher":"https:\/\/www.facebook.com\/Neumaticos-Romero-Reus-110713677096831","article_modified_time":"2024-07-09T22:25:36+00:00","og_image":[{"width":600,"height":398,"url":"https:\/\/www.neumaticosromero.com\/wp-content\/uploads\/2020\/07\/frenos-bosch.jpg","type":"image\/jpeg"}],"twitter_misc":{"Temps estimat de lectura":"1 minut"},"schema":{"@context":"https:\/\/schema.org","@graph":[{"@type":"WebPage","@id":"https:\/\/www.neumaticosromero.com\/ca\/producte\/juego-4-pastillas-de-freno-delanteros-bosch\/","url":"https:\/\/www.neumaticosromero.com\/ca\/producte\/juego-4-pastillas-de-freno-delanteros-bosch\/","name":"Juego 4 pastillas de freno delanteros Bosch - Neum\u00e1ticos Romero","isPartOf":{"@id":"https:\/\/www.neumaticosromero.com\/#website"},"primaryImageOfPage":{"@id":"https:\/\/www.neumaticosromero.com\/ca\/producte\/juego-4-pastillas-de-freno-delanteros-bosch\/#primaryimage"},"image":{"@id":"https:\/\/www.neumaticosromero.com\/ca\/producte\/juego-4-pastillas-de-freno-delanteros-bosch\/#primaryimage"},"thumbnailUrl":"https:\/\/www.neumaticosromero.com\/wp-content\/uploads\/2020\/07\/frenos-bosch.jpg","datePublished":"2020-07-07T15:25:00+00:00","dateModified":"2024-07-09T22:25:36+00:00","breadcrumb":{"@id":"https:\/\/www.neumaticosromero.com\/ca\/producte\/juego-4-pastillas-de-freno-delanteros-bosch\/#breadcrumb"},"inLanguage":"ca","potentialAction":[{"@type":"ReadAction","target":["https:\/\/www.neumaticosromero.com\/ca\/producte\/juego-4-pastillas-de-freno-delanteros-bosch\/"]}]},{"@type":"ImageObject","inLanguage":"ca","@id":"https:\/\/www.neumaticosromero.com\/ca\/producte\/juego-4-pastillas-de-freno-delanteros-bosch\/#primaryimage","url":"https:\/\/www.neumaticosromero.com\/wp-content\/uploads\/2020\/07\/frenos-bosch.jpg","contentUrl":"https:\/\/www.neumaticosromero.com\/wp-content\/uploads\/2020\/07\/frenos-bosch.jpg","width":600,"height":398,"caption":"juego 4 pastilals delanteras frenos bosch"},{"@type":"BreadcrumbList","@id":"https:\/\/www.neumaticosromero.com\/ca\/producte\/juego-4-pastillas-de-freno-delanteros-bosch\/#breadcrumb","itemListElement":[{"@type":"ListItem","position":1,"name":"Home","item":"https:\/\/www.neumaticosromero.com\/"},{"@type":"ListItem","position":2,"name":"Tienda","item":"https:\/\/www.neumaticosromero.com\/tienda\/"},{"@type":"ListItem","position":3,"name":"Juego 4 pastillas de freno delanteros Bosch"}]},{"@type":"WebSite","@id":"https:\/\/www.neumaticosromero.com\/#website","url":"https:\/\/www.neumaticosromero.com\/","name":"Neum\u00e1ticos Romero Taller","description":"Taller de neum\u00e1ticos en Reus","publisher":{"@id":"https:\/\/www.neumaticosromero.com\/#organization"},"alternateName":"Neum\u00e1ticos Romero","potentialAction":[{"@type":"SearchAction","target":{"@type":"EntryPoint","urlTemplate":"https:\/\/www.neumaticosromero.com\/?s={search_term_string}"},"query-input":"required name=search_term_string"}],"inLanguage":"ca"},{"@type":"Organization","@id":"https:\/\/www.neumaticosromero.com\/#organization","name":"Neum\u00e1ticos Romero Taller","url":"https:\/\/www.neumaticosromero.com\/","logo":{"@type":"ImageObject","inLanguage":"ca","@id":"https:\/\/www.neumaticosromero.com\/#\/schema\/logo\/image\/","url":"https:\/\/www.neumaticosromero.com\/wp-content\/uploads\/2015\/03\/logo.png","contentUrl":"https:\/\/www.neumaticosromero.com\/wp-content\/uploads\/2015\/03\/logo.png","width":568,"height":282,"caption":"Neum\u00e1ticos Romero Taller"},"image":{"@id":"https:\/\/www.neumaticosromero.com\/#\/schema\/logo\/image\/"},"sameAs":["https:\/\/www.facebook.com\/Neumaticos-Romero-Reus-110713677096831","https:\/\/www.instagram.com\/neumaticos_romero\/"]}]}},"_links":{"self":[{"href":"https:\/\/www.neumaticosromero.com\/ca\/wp-json\/wp\/v2\/product\/802","targetHints":{"allow":["GET"]}}],"collection":[{"href":"https:\/\/www.neumaticosromero.com\/ca\/wp-json\/wp\/v2\/product"}],"about":[{"href":"https:\/\/www.neumaticosromero.com\/ca\/wp-json\/wp\/v2\/types\/product"}],"replies":[{"embeddable":true,"href":"https:\/\/www.neumaticosromero.com\/ca\/wp-json\/wp\/v2\/comments?post=802"}],"wp:featuredmedia":[{"embeddable":true,"href":"https:\/\/www.neumaticosromero.com\/ca\/wp-json\/wp\/v2\/media\/803"}],"wp:attachment":[{"href":"https:\/\/www.neumaticosromero.com\/ca\/wp-json\/wp\/v2\/media?parent=802"}],"wp:term":[{"taxonomy":"product_cat","embeddable":true,"href":"https:\/\/www.neumaticosromero.com\/ca\/wp-json\/wp\/v2\/product_cat?post=802"},{"taxonomy":"product_tag","embeddable":true,"href":"https:\/\/www.neumaticosromero.com\/ca\/wp-json\/wp\/v2\/product_tag?post=802"}],"curies":[{"name":"wp","href":"https:\/\/api.w.org\/{rel}","templated":true}]}}